{"id":2026,"date":"2024-08-12T16:47:17","date_gmt":"2024-08-12T21:47:17","guid":{"rendered":"https:\/\/facttory.togrowmail.com\/?page_id=2026"},"modified":"2026-02-28T12:09:42","modified_gmt":"2026-02-28T17:09:42","slug":"virtual-office","status":"publish","type":"page","link":"https:\/\/facttory.co\/es\/virtual-office\/","title":{"rendered":"Oficina virtual"},"content":{"rendered":"<div data-elementor-type=\"wp-page\" data-elementor-id=\"2026\" class=\"elementor elementor-2026\" data-elementor-settings=\"{&quot;ha_cmc_init_switcher&quot;:&quot;no&quot;}\" data-elementor-post-type=\"page\">\n\t\t\t\t\t\t<section class=\"has_ma_el_bg_slider elementor-section elementor-top-section elementor-element elementor-element-d98bb7d elementor-section-full_width elementor-section-stretched elementor-section-height-default elementor-section-height-default exad-glass-effect-no jltma-glass-effect-no wpr-particle-no wpr-jarallax-no wpr-parallax-no wpr-sticky-section-no exad-sticky-section-no elementor-invisible\" data-id=\"d98bb7d\" data-element_type=\"section\" data-settings=\"{&quot;stretch_section&quot;:&quot;section-stretched&quot;,&quot;background_background&quot;:&quot;classic&quot;,&quot;animation&quot;:&quot;fadeInDown&quot;,&quot;_ha_eqh_enable&quot;:false,&quot;ekit_has_onepagescroll_dot&quot;:&quot;yes&quot;}\">\n\t\t\t\t\t\t\t<div class=\"elementor-background-overlay\"><\/div>\n\t\t\t\t\t\t\t<div class=\"elementor-container elementor-column-gap-no\">\n\t\t\t\t\t<div class=\"has_ma_el_bg_slider elementor-column elementor-col-100 elementor-top-column elementor-element elementor-element-cf81b20 exad-glass-effect-no jltma-glass-effect-no exad-sticky-section-no\" data-id=\"cf81b20\" data-element_type=\"column\">\n\t\t\t<div class=\"elementor-widget-wrap elementor-element-populated\">\n\t\t\t\t\t\t<section class=\"has_ma_el_bg_slider elementor-section elementor-inner-section elementor-element elementor-element-e0b46fe elementor-section-boxed elementor-section-height-default elementor-section-height-default exad-glass-effect-no jltma-glass-effect-no wpr-particle-no wpr-jarallax-no wpr-parallax-no wpr-sticky-section-no exad-sticky-section-no elementor-invisible\" data-id=\"e0b46fe\" data-element_type=\"section\" data-settings=\"{&quot;animation&quot;:&quot;fadeInUp&quot;,&quot;_ha_eqh_enable&quot;:false,&quot;ekit_has_onepagescroll_dot&quot;:&quot;yes&quot;}\">\n\t\t\t\t\t\t<div class=\"elementor-container elementor-column-gap-custom\">\n\t\t\t\t\t<div class=\"has_ma_el_bg_slider elementor-column elementor-col-100 elementor-inner-column elementor-element elementor-element-d07c89f exad-glass-effect-no jltma-glass-effect-no exad-sticky-section-no\" data-id=\"d07c89f\" data-element_type=\"column\">\n\t\t\t<div class=\"elementor-widget-wrap elementor-element-populated\">\n\t\t\t\t\t\t<div class=\"elementor-element elementor-element-a284dd2 elementor-widget__width-auto exad-sticky-section-no exad-glass-effect-no jltma-glass-effect-no elementor-widget elementor-widget-heading\" data-id=\"a284dd2\" data-element_type=\"widget\" data-settings=\"{&quot;ekit_we_effect_on&quot;:&quot;none&quot;}\" data-widget_type=\"heading.default\">\n\t\t\t\t<div class=\"elementor-widget-container\">\n\t\t\t\t\t<h1 class=\"elementor-heading-title elementor-size-default\">Oficina virtual<\/h1>\t\t\t\t<\/div>\n\t\t\t\t<\/div>\n\t\t\t\t<div class=\"elementor-element elementor-element-dc8a755 elementor-widget__width-auto elementor-hidden-mobile exad-sticky-section-no exad-glass-effect-no jltma-glass-effect-no elementor-widget elementor-widget-heading\" data-id=\"dc8a755\" data-element_type=\"widget\" data-settings=\"{&quot;ekit_we_effect_on&quot;:&quot;none&quot;}\" data-widget_type=\"heading.default\">\n\t\t\t\t<div class=\"elementor-widget-container\">\n\t\t\t\t\t<h1 class=\"elementor-heading-title elementor-size-default\">.<\/h1>\t\t\t\t<\/div>\n\t\t\t\t<\/div>\n\t\t\t\t\t<\/div>\n\t\t<\/div>\n\t\t\t\t\t<\/div>\n\t\t<\/section>\n\t\t\t\t<section class=\"has_ma_el_bg_slider elementor-section elementor-inner-section elementor-element elementor-element-57d4305 elementor-section-boxed elementor-section-height-default elementor-section-height-default exad-glass-effect-no jltma-glass-effect-no wpr-particle-no wpr-jarallax-no wpr-parallax-no wpr-sticky-section-no exad-sticky-section-no elementor-invisible\" data-id=\"57d4305\" data-element_type=\"section\" data-settings=\"{&quot;animation&quot;:&quot;zoomIn&quot;,&quot;_ha_eqh_enable&quot;:false,&quot;ekit_has_onepagescroll_dot&quot;:&quot;yes&quot;}\">\n\t\t\t\t\t\t<div class=\"elementor-container elementor-column-gap-custom\">\n\t\t\t\t\t<div class=\"has_ma_el_bg_slider elementor-column elementor-col-100 elementor-inner-column elementor-element elementor-element-84ded41 exad-glass-effect-no jltma-glass-effect-no exad-sticky-section-no\" data-id=\"84ded41\" data-element_type=\"column\">\n\t\t\t<div class=\"elementor-widget-wrap elementor-element-populated\">\n\t\t\t\t\t\t<div class=\"elementor-element elementor-element-a6ae5ee elementor-widget__width-auto exad-sticky-section-no exad-glass-effect-no jltma-glass-effect-no elementor-widget elementor-widget-heading\" data-id=\"a6ae5ee\" data-element_type=\"widget\" data-settings=\"{&quot;ekit_we_effect_on&quot;:&quot;none&quot;}\" data-widget_type=\"heading.default\">\n\t\t\t\t<div class=\"elementor-widget-container\">\n\t\t\t\t\t<p class=\"elementor-heading-title elementor-size-default\"><a href=\"https:\/\/facttory.co\/es\">Pagina de inicio<\/a><\/p>\t\t\t\t<\/div>\n\t\t\t\t<\/div>\n\t\t\t\t<div class=\"elementor-element elementor-element-5f4aaef elementor-widget__width-auto elementor-view-default exad-sticky-section-no exad-glass-effect-no jltma-glass-effect-no elementor-widget elementor-widget-icon\" data-id=\"5f4aaef\" data-element_type=\"widget\" data-settings=\"{&quot;ekit_we_effect_on&quot;:&quot;none&quot;}\" data-widget_type=\"icon.default\">\n\t\t\t\t<div class=\"elementor-widget-container\">\n\t\t\t\t\t\t\t<div class=\"elementor-icon-wrapper\">\n\t\t\t<div class=\"elementor-icon\">\n\t\t\t<svg aria-hidden=\"true\" class=\"e-font-icon-svg e-fas-angle-right\" viewbox=\"0 0 256 512\" xmlns=\"http:\/\/www.w3.org\/2000\/svg\"><path d=\"M224.3 273l-136 136c-9.4 9.4-24.6 9.4-33.9 0l-22.6-22.6c-9.4-9.4-9.4-24.6 0-33.9l96.4-96.4-96.4-96.4c-9.4-9.4-9.4-24.6 0-33.9L54.3 103c9.4-9.4 24.6-9.4 33.9 0l136 136c9.5 9.4 9.5 24.6.1 34z\"><\/path><\/svg>\t\t\t<\/div>\n\t\t<\/div>\n\t\t\t\t\t\t<\/div>\n\t\t\t\t<\/div>\n\t\t\t\t<div class=\"elementor-element elementor-element-f79d3ed elementor-widget__width-auto exad-sticky-section-no exad-glass-effect-no jltma-glass-effect-no elementor-widget elementor-widget-heading\" data-id=\"f79d3ed\" data-element_type=\"widget\" data-settings=\"{&quot;ekit_we_effect_on&quot;:&quot;none&quot;}\" data-widget_type=\"heading.default\">\n\t\t\t\t<div class=\"elementor-widget-container\">\n\t\t\t\t\t<p class=\"elementor-heading-title elementor-size-default\">Oficina virtual<\/p>\t\t\t\t<\/div>\n\t\t\t\t<\/div>\n\t\t\t\t\t<\/div>\n\t\t<\/div>\n\t\t\t\t\t<\/div>\n\t\t<\/section>\n\t\t\t\t\t<\/div>\n\t\t<\/div>\n\t\t\t\t\t<\/div>\n\t\t<\/section>\n\t\t\t\t<section class=\"has_ma_el_bg_slider elementor-section elementor-top-section elementor-element elementor-element-a40925e elementor-section-full_width elementor-section-stretched animated-slow elementor-section-height-default elementor-section-height-default exad-glass-effect-no jltma-glass-effect-no wpr-particle-no wpr-jarallax-no wpr-parallax-no wpr-sticky-section-no exad-sticky-section-no elementor-invisible\" data-id=\"a40925e\" data-element_type=\"section\" data-settings=\"{&quot;stretch_section&quot;:&quot;section-stretched&quot;,&quot;background_background&quot;:&quot;classic&quot;,&quot;background_motion_fx_motion_fx_scrolling&quot;:&quot;yes&quot;,&quot;background_motion_fx_translateX_effect&quot;:&quot;yes&quot;,&quot;animation&quot;:&quot;fadeIn&quot;,&quot;background_motion_fx_translateX_speed&quot;:{&quot;unit&quot;:&quot;px&quot;,&quot;size&quot;:4,&quot;sizes&quot;:[]},&quot;background_motion_fx_translateX_affectedRange&quot;:{&quot;unit&quot;:&quot;%&quot;,&quot;size&quot;:&quot;&quot;,&quot;sizes&quot;:{&quot;start&quot;:0,&quot;end&quot;:100}},&quot;background_motion_fx_devices&quot;:[&quot;desktop&quot;,&quot;laptop&quot;,&quot;tablet&quot;,&quot;mobile&quot;],&quot;_ha_eqh_enable&quot;:false,&quot;ekit_has_onepagescroll_dot&quot;:&quot;yes&quot;}\">\n\t\t\t\t\t\t\t<div class=\"elementor-background-overlay\"><\/div>\n\t\t\t\t\t\t\t<div class=\"elementor-container elementor-column-gap-no\">\n\t\t\t\t\t<div class=\"has_ma_el_bg_slider elementor-column elementor-col-100 elementor-top-column elementor-element elementor-element-4d0bb33 exad-glass-effect-no jltma-glass-effect-no exad-sticky-section-no\" data-id=\"4d0bb33\" data-element_type=\"column\">\n\t\t\t<div class=\"elementor-widget-wrap elementor-element-populated\">\n\t\t\t\t\t\t<section class=\"has_ma_el_bg_slider elementor-section elementor-inner-section elementor-element elementor-element-9c62c6e elementor-section-content-middle elementor-section-boxed elementor-section-height-default elementor-section-height-default exad-glass-effect-no jltma-glass-effect-no wpr-particle-no wpr-jarallax-no wpr-parallax-no wpr-sticky-section-no exad-sticky-section-no\" data-id=\"9c62c6e\" data-element_type=\"section\" data-settings=\"{&quot;_ha_eqh_enable&quot;:false,&quot;ekit_has_onepagescroll_dot&quot;:&quot;yes&quot;}\">\n\t\t\t\t\t\t<div class=\"elementor-container elementor-column-gap-custom\">\n\t\t\t\t\t<div class=\"has_ma_el_bg_slider elementor-column elementor-col-50 elementor-inner-column elementor-element elementor-element-dab3b81 exad-glass-effect-no jltma-glass-effect-no exad-sticky-section-no elementor-invisible\" data-id=\"dab3b81\" data-element_type=\"column\" data-settings=\"{&quot;animation&quot;:&quot;fadeInLeft&quot;}\">\n\t\t\t<div class=\"elementor-widget-wrap elementor-element-populated\">\n\t\t\t\t\t\t<div class=\"elementor-element elementor-element-84dc038 exad-sticky-section-no exad-glass-effect-no jltma-glass-effect-no elementor-widget elementor-widget-image\" data-id=\"84dc038\" data-element_type=\"widget\" data-settings=\"{&quot;ekit_we_effect_on&quot;:&quot;none&quot;}\" data-widget_type=\"image.default\">\n\t\t\t\t<div class=\"elementor-widget-container\">\n\t\t\t\t\t\t\t\t\t\t\t\t\t\t\t<img fetchpriority=\"high\" decoding=\"async\" width=\"589\" height=\"578\" src=\"https:\/\/facttory.co\/wp-content\/uploads\/2024\/09\/Persona.png\" class=\"attachment-large size-large wp-image-3588\" alt=\"\" srcset=\"https:\/\/facttory.co\/wp-content\/uploads\/2024\/09\/Persona.png 589w, https:\/\/facttory.co\/wp-content\/uploads\/2024\/09\/Persona-300x294.png 300w\" sizes=\"(max-width: 589px) 100vw, 589px\" \/>\t\t\t\t\t\t\t\t\t\t\t\t\t\t\t<\/div>\n\t\t\t\t<\/div>\n\t\t\t\t\t<\/div>\n\t\t<\/div>\n\t\t\t\t<div class=\"has_ma_el_bg_slider elementor-column elementor-col-50 elementor-inner-column elementor-element elementor-element-b79667e exad-glass-effect-no jltma-glass-effect-no exad-sticky-section-no elementor-invisible\" data-id=\"b79667e\" data-element_type=\"column\" data-settings=\"{&quot;animation&quot;:&quot;fadeInRight&quot;}\">\n\t\t\t<div class=\"elementor-widget-wrap elementor-element-populated\">\n\t\t\t\t\t\t<div class=\"elementor-element elementor-element-de8f7e3 exad-sticky-section-no exad-glass-effect-no jltma-glass-effect-no elementor-widget elementor-widget-elementskit-heading\" data-id=\"de8f7e3\" data-element_type=\"widget\" data-settings=\"{&quot;ekit_we_effect_on&quot;:&quot;none&quot;}\" data-widget_type=\"elementskit-heading.default\">\n\t\t\t\t<div class=\"elementor-widget-container\">\n\t\t\t\t\t<div class=\"ekit-wid-con\" ><div class=\"ekit-heading elementskit-section-title-wraper text_left   ekit_heading_tablet-   ekit_heading_mobile-\"><h3 class=\"ekit-heading--title elementskit-section-title\">Tu Oficina Virtual<\/h3><\/div><\/div>\t\t\t\t<\/div>\n\t\t\t\t<\/div>\n\t\t\t\t<div class=\"elementor-element elementor-element-70aa283 exad-sticky-section-no exad-glass-effect-no jltma-glass-effect-no elementor-widget elementor-widget-text-editor\" data-id=\"70aa283\" data-element_type=\"widget\" data-settings=\"{&quot;ekit_we_effect_on&quot;:&quot;none&quot;}\" data-widget_type=\"text-editor.default\">\n\t\t\t\t<div class=\"elementor-widget-container\">\n\t\t\t\t\t\t\t\t\t<p>En esta plataforma encontrar\u00e1s toda la informaci\u00f3n de tu negocio Magistral con FACTTORY. Adicionalmente, los Afiliados y Promotores podr\u00e1n realizar pagos relacionados a su membres\u00eda a trav\u00e9s de esta plataforma.<\/p>\t\t\t\t\t\t\t\t<\/div>\n\t\t\t\t<\/div>\n\t\t\t\t<div class=\"elementor-element elementor-element-82746f2 e-transform elementor-widget-laptop__width-initial exad-sticky-section-no exad-glass-effect-no jltma-glass-effect-no elementor-invisible elementor-widget elementor-widget-ucaddon_gradient_border_button\" data-id=\"82746f2\" data-element_type=\"widget\" data-settings=\"{&quot;_animation&quot;:&quot;fadeInRight&quot;,&quot;_transform_scale_effect_hover&quot;:{&quot;unit&quot;:&quot;px&quot;,&quot;size&quot;:1.05,&quot;sizes&quot;:[]},&quot;ekit_we_effect_on&quot;:&quot;none&quot;,&quot;_transform_scale_effect_hover_laptop&quot;:{&quot;unit&quot;:&quot;px&quot;,&quot;size&quot;:&quot;&quot;,&quot;sizes&quot;:[]},&quot;_transform_scale_effect_hover_tablet&quot;:{&quot;unit&quot;:&quot;px&quot;,&quot;size&quot;:&quot;&quot;,&quot;sizes&quot;:[]},&quot;_transform_scale_effect_hover_mobile&quot;:{&quot;unit&quot;:&quot;px&quot;,&quot;size&quot;:&quot;&quot;,&quot;sizes&quot;:[]}}\" data-widget_type=\"ucaddon_gradient_border_button.default\">\n\t\t\t\t<div class=\"elementor-widget-container\">\n\t\t\t\t\t<!-- start Gradient Border Button -->\n\t\t\t<style type=\"text\/css\">\/* widget: Gradient Border Button *\/\n\n#uc_gradient_border_button_elementor_82746f2 {\n    display: flex;\n    align-items: center;\n}\n#uc_gradient_border_button_elementor_82746f2 .ue-gradient-border .ue-gradient-border-content .ue-txt {\n  \t\tz-index: 2;\n        position:relative;\n}\n    #uc_gradient_border_button_elementor_82746f2 .ue-gradient-border .ue-gradient-border-content .ue-txt {\n        color: #FFFFFF;\n    }\n\n    #uc_gradient_border_button_elementor_82746f2 .ue-gradient-border:hover .ue-gradient-border-content .ue-txt {\n        color: #466FED;\n    }\n\n#uc_gradient_border_button_elementor_82746f2 .ue-gradient-border .ue-gradient-border-icon {\n  \t\tz-index: 2;\n        position:relative;\n}\n    #uc_gradient_border_button_elementor_82746f2 .ue-gradient-border .ue-gradient-border-icon i {\n        color: #e55f5f;\n    }\n\n    #uc_gradient_border_button_elementor_82746f2 .ue-gradient-border:hover .ue-gradient-border-icon i  {\n        color: #e55f5f;\n    }\n\n\n#uc_gradient_border_button_elementor_82746f2 .ue-gradient-border {\n    position: relative;\n    display: inline-block;\n    z-index: 0;\n}\n\n#uc_gradient_border_button_elementor_82746f2 .ue-gradient-border-content {\n    background:\n                    linear-gradient(90deg, #D12D44, #D12D44) padding-box,\n                        linear-gradient(90deg, #FFFFFF, #FFFFFF, #FFFFFF, #FFFFFF, #FFFFFF, #FFFFFF) border-box;\n    border: 3px solid transparent;\n    display:flex;\n    justify-content:center;\n    align-items:center;\n    position:relative;\n    overflow:hidden;\n    background-size:450%;\n    background-position:0%;\n\ttransition: background-position 0.5s ease; \n        animation: moveBackAndForth 8s ease-in-out infinite;\n    }\n\n#uc_gradient_border_button_elementor_82746f2 .ue-gradient-border-content:hover {\n        background:\n                    linear-gradient(90deg, #F6F6F6, #F6F6F6) padding-box,\n                        linear-gradient(90deg, #FFFFFF, #FFFFFF, #FFFFFF, #FFFFFF, #FFFFFF, #FFFFFF) border-box;\n    border: 3px solid transparent;\n        background-size:450%;\n        background-position: 0%; \n                animation: moveBackAndForth 8s ease-in-out infinite;\n        \t\t\n}\n#uc_gradient_border_button_elementor_82746f2 .ue-grad-hover\n{       \n        position:absolute;\n        top:0;\n        left:0;\n        right:0;\n        bottom:0;\n        width:100%;\n        height:100%;\n        z-index:0;\n        background:\n                    linear-gradient(90deg, #F6F6F6, #F6F6F6);\n                \t\topacity:0;\n        transition: opacity 0.25s ease-in-out; \n}\n#uc_gradient_border_button_elementor_82746f2 .ue-grad-normal\n{       \n        position:absolute;\n        top:0;\n        left:0;\n        right:0;\n        bottom:0;\n        width:100%;\n        height:100%;\n        z-index:1;\n        background:\n                    linear-gradient(90deg, #D12D44, #D12D44);\n                \t\topacity:1;\n        transition: opacity 0.25s ease-in-out; \n}\n#uc_gradient_border_button_elementor_82746f2 .ue-gradient-border:hover .ue-grad-hover\n{\n        opacity:1;\n        \n}\n#uc_gradient_border_button_elementor_82746f2 .ue-gradient-border:hover .ue-grad-normal\n{\n        opacity:0;\n}\n@keyframes moveBackAndForth {\n    0% {\n        background-position: 0%;\n    }\n    50% {\n        background-position: 100%;\n    }\n    100% {\n        background-position: 0%;\n    }\n}\n    #uc_gradient_border_button_elementor_82746f2 .ue-gradient-border .ue-grad-blur {\n        content: '';\n        position: absolute;\n        top: -3px;\n        left: -3px;\n        right: -3px;\n        bottom: -3px;\n        background: linear-gradient(90deg, #FFFFFF, #FFFFFF);\n        z-index: -1;\n        border-radius: 16px;\n        filter: blur(8px);\n\t\t    }\n\n    #uc_gradient_border_button_elementor_82746f2 .ue-gradient-border:hover .ue-grad-blur {\n      \n        background: linear-gradient(90deg, #D12D44, #466FED);\n            }\n    @keyframes blinkAnimation {\n    0% {\n        transform: scale(1);\n        opacity: 1;\n    }\n    100% {\n        transform: scale(1.15);\n        opacity: 1; \/* Adjust opacity if necessary *\/\n    }\n}\n\n\n<\/style>\n\n\t\t\t<div class=\"ue-grad-btn-wrapper\" id=\"uc_gradient_border_button_elementor_82746f2\">\n  <a  class=\"ue-gradient-border\" href=\" https:\/\/app.facttory.co\/addmember.php?id=10001\"  target='_blank'>\n             <div class=\"ue-grad-blur\"><\/div> \n        <div class=\"ue-gradient-border-content\" >\n      <div class=\"ue-grad-normal\"><\/div>\n      <div class=\"ue-grad-hover\"><\/div>\n            <span class=\"ue-txt\">Crea tu cuenta<\/span>\n    <\/div>\n    \n  <\/a>\n<\/div>\n\t\t\t<!-- end Gradient Border Button -->\t\t\t\t<\/div>\n\t\t\t\t<\/div>\n\t\t\t\t<div class=\"elementor-element elementor-element-4a88023 elementor-widget-divider--view-line exad-sticky-section-no exad-glass-effect-no jltma-glass-effect-no elementor-widget elementor-widget-divider\" data-id=\"4a88023\" data-element_type=\"widget\" data-settings=\"{&quot;ekit_we_effect_on&quot;:&quot;none&quot;}\" data-widget_type=\"divider.default\">\n\t\t\t\t<div class=\"elementor-widget-container\">\n\t\t\t\t\t\t\t<div class=\"elementor-divider\">\n\t\t\t<span class=\"elementor-divider-separator\">\n\t\t\t\t\t\t<\/span>\n\t\t<\/div>\n\t\t\t\t\t\t<\/div>\n\t\t\t\t<\/div>\n\t\t\t\t<div class=\"elementor-element elementor-element-ec94b94 e-transform elementor-widget-laptop__width-initial exad-sticky-section-no exad-glass-effect-no jltma-glass-effect-no elementor-invisible elementor-widget elementor-widget-ucaddon_gradient_border_button\" data-id=\"ec94b94\" data-element_type=\"widget\" data-settings=\"{&quot;_animation&quot;:&quot;fadeInRight&quot;,&quot;_transform_scale_effect_hover&quot;:{&quot;unit&quot;:&quot;px&quot;,&quot;size&quot;:1.05,&quot;sizes&quot;:[]},&quot;ekit_we_effect_on&quot;:&quot;none&quot;,&quot;_transform_scale_effect_hover_laptop&quot;:{&quot;unit&quot;:&quot;px&quot;,&quot;size&quot;:&quot;&quot;,&quot;sizes&quot;:[]},&quot;_transform_scale_effect_hover_tablet&quot;:{&quot;unit&quot;:&quot;px&quot;,&quot;size&quot;:&quot;&quot;,&quot;sizes&quot;:[]},&quot;_transform_scale_effect_hover_mobile&quot;:{&quot;unit&quot;:&quot;px&quot;,&quot;size&quot;:&quot;&quot;,&quot;sizes&quot;:[]}}\" data-widget_type=\"ucaddon_gradient_border_button.default\">\n\t\t\t\t<div class=\"elementor-widget-container\">\n\t\t\t\t\t<!-- start Gradient Border Button -->\n\t\t\t<style type=\"text\/css\">\/* widget: Gradient Border Button *\/\n\n#uc_gradient_border_button_elementor_ec94b94 {\n    display: flex;\n    align-items: center;\n}\n#uc_gradient_border_button_elementor_ec94b94 .ue-gradient-border .ue-gradient-border-content .ue-txt {\n  \t\tz-index: 2;\n        position:relative;\n}\n    #uc_gradient_border_button_elementor_ec94b94 .ue-gradient-border .ue-gradient-border-content .ue-txt {\n        color: #3761A7;\n    }\n\n    #uc_gradient_border_button_elementor_ec94b94 .ue-gradient-border:hover .ue-gradient-border-content .ue-txt {\n        color: #466FED;\n    }\n\n#uc_gradient_border_button_elementor_ec94b94 .ue-gradient-border .ue-gradient-border-icon {\n  \t\tz-index: 2;\n        position:relative;\n}\n    #uc_gradient_border_button_elementor_ec94b94 .ue-gradient-border .ue-gradient-border-icon i {\n        color: #e55f5f;\n    }\n\n    #uc_gradient_border_button_elementor_ec94b94 .ue-gradient-border:hover .ue-gradient-border-icon i  {\n        color: #e55f5f;\n    }\n\n\n#uc_gradient_border_button_elementor_ec94b94 .ue-gradient-border {\n    position: relative;\n    display: inline-block;\n    z-index: 0;\n}\n\n#uc_gradient_border_button_elementor_ec94b94 .ue-gradient-border-content {\n    background:\n                    linear-gradient(90deg, #ffffff, #ffffff) padding-box,\n                        linear-gradient(90deg, #3761A7, #466FED, #3761A7, #466FED, #3761A7, #466FED) border-box;\n    border: 2px solid transparent;\n    display:flex;\n    justify-content:center;\n    align-items:center;\n    position:relative;\n    overflow:hidden;\n    background-size:450%;\n    background-position:0%;\n\ttransition: background-position 0.5s ease; \n        animation: moveBackAndForth 8s ease-in-out infinite;\n    }\n\n#uc_gradient_border_button_elementor_ec94b94 .ue-gradient-border-content:hover {\n        background:\n                    linear-gradient(90deg, #F6F6F6, #F6F6F6) padding-box,\n                        linear-gradient(90deg, #3761A7, #466FED, #3761A7, #466FED, #3761A7, #466FED) border-box;\n    border: 2px solid transparent;\n        background-size:450%;\n        background-position: 0%; \n                animation: moveBackAndForth 8s ease-in-out infinite;\n        \t\t\n}\n#uc_gradient_border_button_elementor_ec94b94 .ue-grad-hover\n{       \n        position:absolute;\n        top:0;\n        left:0;\n        right:0;\n        bottom:0;\n        width:100%;\n        height:100%;\n        z-index:0;\n        background:\n                    linear-gradient(90deg, #F6F6F6, #F6F6F6);\n                \t\topacity:0;\n        transition: opacity 0.25s ease-in-out; \n}\n#uc_gradient_border_button_elementor_ec94b94 .ue-grad-normal\n{       \n        position:absolute;\n        top:0;\n        left:0;\n        right:0;\n        bottom:0;\n        width:100%;\n        height:100%;\n        z-index:1;\n        background:\n                    linear-gradient(90deg, #ffffff, #ffffff);\n                \t\topacity:1;\n        transition: opacity 0.25s ease-in-out; \n}\n#uc_gradient_border_button_elementor_ec94b94 .ue-gradient-border:hover .ue-grad-hover\n{\n        opacity:1;\n        \n}\n#uc_gradient_border_button_elementor_ec94b94 .ue-gradient-border:hover .ue-grad-normal\n{\n        opacity:0;\n}\n@keyframes moveBackAndForth {\n    0% {\n        background-position: 0%;\n    }\n    50% {\n        background-position: 100%;\n    }\n    100% {\n        background-position: 0%;\n    }\n}\n    #uc_gradient_border_button_elementor_ec94b94 .ue-gradient-border .ue-grad-blur {\n        content: '';\n        position: absolute;\n        top: -2px;\n        left: -2px;\n        right: -2px;\n        bottom: -2px;\n        background: linear-gradient(90deg, #466FED, #3761A7);\n        z-index: -1;\n        border-radius: 16px;\n        filter: blur(10px);\n\t\t    }\n\n    #uc_gradient_border_button_elementor_ec94b94 .ue-gradient-border:hover .ue-grad-blur {\n      \n        background: linear-gradient(90deg, #D12D44, #466FED);\n            }\n    @keyframes blinkAnimation {\n    0% {\n        transform: scale(1);\n        opacity: 1;\n    }\n    100% {\n        transform: scale(1.15);\n        opacity: 1; \/* Adjust opacity if necessary *\/\n    }\n}\n\n\n<\/style>\n\n\t\t\t<div class=\"ue-grad-btn-wrapper\" id=\"uc_gradient_border_button_elementor_ec94b94\">\n  <a  class=\"ue-gradient-border\" href=\"https:\/\/app.facttory.co\"  target='_blank'>\n             <div class=\"ue-grad-blur\"><\/div> \n        <div class=\"ue-gradient-border-content\" >\n      <div class=\"ue-grad-normal\"><\/div>\n      <div class=\"ue-grad-hover\"><\/div>\n            <span class=\"ue-txt\">Inicia sesi\u00f3n<\/span>\n    <\/div>\n    \n  <\/a>\n<\/div>\n\t\t\t<!-- end Gradient Border Button -->\t\t\t\t<\/div>\n\t\t\t\t<\/div>\n\t\t\t\t\t<\/div>\n\t\t<\/div>\n\t\t\t\t\t<\/div>\n\t\t<\/section>\n\t\t\t\t\t<\/div>\n\t\t<\/div>\n\t\t\t\t\t<\/div>\n\t\t<\/section>\n\t\t\t\t<\/div>","protected":false},"excerpt":{"rendered":"<p>Virtual Office . Home Page Virtual Office Your Virtual Office On this platform, you will find all the information about your Magistral business with FACTTORY. Additionally, Affiliates and Promoters will be able to make payments related to their membership through this platform. Create Your Account Log In to Your Office<\/p>","protected":false},"author":1,"featured_media":0,"parent":0,"menu_order":0,"comment_status":"open","ping_status":"closed","template":"elementor_header_footer","meta":{"_monsterinsights_skip_tracking":false,"_monsterinsights_sitenote_active":false,"_monsterinsights_sitenote_note":"","_monsterinsights_sitenote_category":0,"footnotes":""},"class_list":["post-2026","page","type-page","status-publish","hentry"],"_links":{"self":[{"href":"https:\/\/facttory.co\/es\/wp-json\/wp\/v2\/pages\/2026","targetHints":{"allow":["GET"]}}],"collection":[{"href":"https:\/\/facttory.co\/es\/wp-json\/wp\/v2\/pages"}],"about":[{"href":"https:\/\/facttory.co\/es\/wp-json\/wp\/v2\/types\/page"}],"author":[{"embeddable":true,"href":"https:\/\/facttory.co\/es\/wp-json\/wp\/v2\/users\/1"}],"replies":[{"embeddable":true,"href":"https:\/\/facttory.co\/es\/wp-json\/wp\/v2\/comments?post=2026"}],"version-history":[{"count":100,"href":"https:\/\/facttory.co\/es\/wp-json\/wp\/v2\/pages\/2026\/revisions"}],"predecessor-version":[{"id":4459,"href":"https:\/\/facttory.co\/es\/wp-json\/wp\/v2\/pages\/2026\/revisions\/4459"}],"wp:attachment":[{"href":"https:\/\/facttory.co\/es\/wp-json\/wp\/v2\/media?parent=2026"}],"curies":[{"name":"wp","href":"https:\/\/api.w.org\/{rel}","templated":true}]}}